{"id":8,"date":"2025-04-18T23:27:31","date_gmt":"2025-04-18T23:27:31","guid":{"rendered":"https:\/\/geoandes.com.pe\/web\/?page_id=8"},"modified":"2025-06-22T18:59:57","modified_gmt":"2025-06-22T18:59:57","slug":"inicio","status":"publish","type":"page","link":"https:\/\/geoandes.com.pe\/web\/","title":{"rendered":"Inicio"},"content":{"rendered":"<p>[et_pb_section fb_built=\u00bb1&#8243; _builder_version=\u00bb4.27.4&#8243; _module_preset=\u00bbdefault\u00bb use_background_color_gradient=\u00bbon\u00bb background_color_gradient_direction=\u00bb135deg\u00bb background_color_gradient_stops=\u00bb#083377 18%|rgba(192,232,229,0.51) 85%|rgba(255,255,255,0) 100%\u00bb background_image=\u00bbhttps:\/\/geoandes.com.pe\/web\/wp-content\/uploads\/2025\/06\/altas-montanas-rocosas-cubiertas-de-nieve-bajo-un-cielo-azul-claro-en-suiza-scaled.jpg\u00bb background_position=\u00bbtop_left\u00bb background_blend=\u00bbmultiply\u00bb custom_padding=\u00bb73px||113px|||\u00bb hover_enabled=\u00bb0&#8243; global_colors_info=\u00bb{}\u00bb bottom_divider_style=\u00bbmountains2&#8243; sticky_enabled=\u00bb0&#8243; next_background_color=\u00bb#ffffff\u00bb][et_pb_row column_structure=\u00bb1_2,1_2&#8243; _builder_version=\u00bb4.27.4&#8243; _module_preset=\u00bbdefault\u00bb animation_style=\u00bbfade\u00bb global_colors_info=\u00bb{}\u00bb][et_pb_column type=\u00bb1_2&#8243; _builder_version=\u00bb4.27.4&#8243; _module_preset=\u00bbdefault\u00bb global_colors_info=\u00bb{}\u00bb][et_pb_image src=\u00bbhttps:\/\/geoandes.com.pe\/web\/wp-content\/uploads\/2025\/06\/logo-geoandes-300azul.png\u00bb title_text=\u00bblogo-geoandes-300azul\u00bb _builder_version=\u00bb4.27.4&#8243; _module_preset=\u00bbdefault\u00bb hover_enabled=\u00bb0&#8243; global_colors_info=\u00bb{}\u00bb sticky_enabled=\u00bb0&#8243;][\/et_pb_image][et_pb_text _builder_version=\u00bb4.27.4&#8243; _module_preset=\u00bbdefault\u00bb text_font=\u00bbNunito|300|||||||\u00bb text_font_size=\u00bb22px\u00bb text_line_height=\u00bb1.3em\u00bb background_layout=\u00bbdark\u00bb global_colors_info=\u00bb{}\u00bb]<\/p>\n<p style=\"text-align: left;\"><em>M\u00e1s de 10 a\u00f1os aportando soluciones pr\u00e1cticas para un desarrollo sostenible<\/em><\/p>\n<p>[\/et_pb_text][et_pb_text _builder_version=\u00bb4.27.4&#8243; _module_preset=\u00bbdefault\u00bb text_font=\u00bbNunito|300|||||||\u00bb text_font_size=\u00bb22px\u00bb text_line_height=\u00bb1.3em\u00bb background_layout=\u00bbdark\u00bb global_colors_info=\u00bb{}\u00bb]<\/p>\n<p>Somos una consultora especializada en<strong> ordenamiento territorial, geom\u00e1tica, gesti\u00f3n ambiental, servicios ecosist\u00e9micos y recursos h\u00eddricos<\/strong>. Nos enfocamos en brindar soluciones pr\u00e1cticas basadas en metodolog\u00edas participativas, herramientas geoespaciales y un s\u00f3lido enfoque territorial.<\/p>\n<p>[\/et_pb_text][dsm_button button_one_text=\u00bbPresentaci\u00f3n\u00bb button_one_url=\u00bbhttps:\/\/geoandes.com.pe\/descargas\/brochure.pdf\u00bb button_one_url_new_window=\u00bbon\u00bb button_two_text=\u00bbNuestro CV\u00bb button_two_url=\u00bbhttps:\/\/geoandes.com.pe\/descargas\/CV.pdf\u00bb button_two_url_new_window=\u00bbon\u00bb button_alignment=\u00bbleft\u00bb button_one_hover_animation=\u00bbdsm-pulse\u00bb button_two_hover_animation=\u00bbdsm-pulse\u00bb button_alignment_tablet=\u00bbleft\u00bb button_alignment_phone=\u00bbright\u00bb button_alignment_last_edited=\u00bbon|phone\u00bb _builder_version=\u00bb4.27.4&#8243; _module_preset=\u00bbdefault\u00bb custom_button_one=\u00bbon\u00bb button_one_text_color=\u00bb#FFFFFF\u00bb button_one_bg_color=\u00bb#2f9ed9&#8243; button_one_border_color=\u00bb#FFFFFF\u00bb button_one_font=\u00bbNunito Sans|900|||||||\u00bb custom_button_two=\u00bbon\u00bb button_two_text_color=\u00bb#FFFFFF\u00bb button_two_bg_color=\u00bbRGBA(255,255,255,0)\u00bb button_two_bg_enable_image=\u00bboff\u00bb button_two_font=\u00bbNunito Sans|900|||||||\u00bb animation_direction=\u00bbright\u00bb hover_enabled=\u00bb0&#8243; global_colors_info=\u00bb{}\u00bb button_one_bg_color__hover_enabled=\u00bbon|desktop\u00bb button_one_border_width__hover_enabled=\u00bbon|hover\u00bb button_two_border_color__hover_enabled=\u00bbon|hover\u00bb button_two_border_color__hover=\u00bb#FFFFFF\u00bb button_one_bg_color__hover=\u00bb#22479a\u00bb button_one_bg_enable_color__hover=\u00bbon\u00bb button_two_bg_color__hover_enabled=\u00bbon|desktop\u00bb button_two_bg_color__hover=\u00bbRGBA(255,255,255,0)\u00bb sticky_enabled=\u00bb0&#8243; button_one_bg_enable_color=\u00bbon\u00bb][\/dsm_button][\/et_pb_column][et_pb_column type=\u00bb1_2&#8243; _builder_version=\u00bb4.27.4&#8243; _module_preset=\u00bbdefault\u00bb global_colors_info=\u00bb{}\u00bb][et_pb_text _builder_version=\u00bb4.27.4&#8243; _module_preset=\u00bbdefault\u00bb header_font=\u00bbArchivo Black||||||||\u00bb header_text_color=\u00bb#FFFFFF\u00bb header_font_size=\u00bb55px\u00bb header_font_size_tablet=\u00bb55px\u00bb header_font_size_phone=\u00bb40px\u00bb header_font_size_last_edited=\u00bbon|phone\u00bb global_colors_info=\u00bb{}\u00bb]<\/p>\n<h1>CONTACTO<\/h1>\n<p>[\/et_pb_text][et_pb_text _builder_version=\u00bb4.27.4&#8243; _module_preset=\u00bbdefault\u00bb text_text_color=\u00bb#FFFFFF\u00bb text_font_size=\u00bb20px\u00bb text_line_height=\u00bb1.6em\u00bb background_layout=\u00bbdark\u00bb global_colors_info=\u00bb{}\u00bb]<\/p>\n<p><em><span style=\"color: #ffffff;\">Celular: <a href=\"tel:+51942198795\" style=\"color: #ffffff;\">+51 942 198 795<\/a><\/span><\/em><br \/><em><span style=\"color: #ffffff;\">Correo: <a href=\"mailto:%20info@geoandes.com.pe\" style=\"color: #ffffff;\">info@geoandes.com.pe<\/a><\/span><\/em><br \/><em><span style=\"color: #ffffff;\">LinkedIn: <a href=\"https:\/\/www.linkedin.com\/company\/geoandes-servicios-integrales\" target=\"_blank\" rel=\"noopener\" style=\"color: #ffffff;\">GeoAndes Servicios Integrales<\/a><\/span><\/em><\/p>\n<p>[\/et_pb_text][et_pb_contact_form use_spam_service=\u00bbon\u00bb email=\u00bbgeoandesperu@gmail.com\u00bb submit_button_text=\u00bbEnviar\u00bb _builder_version=\u00bb4.27.4&#8243; _module_preset=\u00bbdefault\u00bb _unique_id=\u00bb8037c17b-66c7-40af-ab02-7ab55a30e72e\u00bb form_field_background_color=\u00bbrgba(0,0,0,0.45)\u00bb form_field_text_color=\u00bbrgba(255,255,255,0.77)\u00bb form_field_focus_background_color=\u00bbrgba(0,0,0,0.92)\u00bb title_font=\u00bbArchivo Black|900||on|||||\u00bb title_text_color=\u00bb#FFFFFF\u00bb title_font_size=\u00bb49px\u00bb form_field_font=\u00bbNunito Sans||||||||\u00bb custom_button=\u00bbon\u00bb button_text_color=\u00bb#FFFFFF\u00bb button_bg_color=\u00bb#2f9ed9&#8243; button_border_color=\u00bb#FFFFFF\u00bb button_font=\u00bbNunito Sans|900|||||||\u00bb hover_enabled=\u00bb0&#8243; form_field_background_color_tablet=\u00bbrgba(0,0,0,0.45)\u00bb form_field_background_color_phone=\u00bbrgba(0,0,0,0.45)\u00bb form_field_background_color_last_edited=\u00bbon|desktop\u00bb button_border_width_tablet=\u00bb\u00bb button_border_width_phone=\u00bb\u00bb button_border_width_last_edited=\u00bbon|desktop\u00bb border_width_all=\u00bb1px\u00bb border_color_all=\u00bb#FFFFFF\u00bb global_colors_info=\u00bb{}\u00bb form_field_background_color__hover_enabled=\u00bbon|desktop\u00bb form_field_background_color__hover=\u00bb#000000&#8243; form_field_text_color__hover_enabled=\u00bbon|hover\u00bb form_field_text_color__hover=\u00bb#FFFFFF\u00bb form_field_focus_background_color__hover_enabled=\u00bbon|desktop\u00bb form_field_focus_background_color__hover=\u00bb#000000&#8243; form_field_focus_text_color__hover_enabled=\u00bbon|hover\u00bb form_field_focus_text_color__hover=\u00bb#FFFFFF\u00bb button_bg_color__hover_enabled=\u00bbon|desktop\u00bb button_bg_color__hover=\u00bb#22479a\u00bb button_bg_enable_color__hover=\u00bbon\u00bb sticky_enabled=\u00bb0&#8243; button_bg_enable_color=\u00bbon\u00bb][et_pb_contact_field field_id=\u00bbName\u00bb field_title=\u00bbNombre y apellidos\u00bb _builder_version=\u00bb4.27.4&#8243; global_colors_info=\u00bb{}\u00bb button_text_size__hover_enabled=\u00bboff\u00bb button_one_text_size__hover_enabled=\u00bboff\u00bb button_two_text_size__hover_enabled=\u00bboff\u00bb button_text_color__hover_enabled=\u00bboff\u00bb button_one_text_color__hover_enabled=\u00bboff\u00bb button_two_text_color__hover_enabled=\u00bboff\u00bb button_border_width__hover_enabled=\u00bboff\u00bb button_one_border_width__hover_enabled=\u00bboff\u00bb button_two_border_width__hover_enabled=\u00bboff\u00bb button_border_color__hover_enabled=\u00bboff\u00bb button_one_border_color__hover_enabled=\u00bboff\u00bb button_two_border_color__hover_enabled=\u00bboff\u00bb button_border_radius__hover_enabled=\u00bboff\u00bb button_one_border_radius__hover_enabled=\u00bboff\u00bb button_two_border_radius__hover_enabled=\u00bboff\u00bb button_letter_spacing__hover_enabled=\u00bboff\u00bb button_one_letter_spacing__hover_enabled=\u00bboff\u00bb button_two_letter_spacing__hover_enabled=\u00bboff\u00bb button_bg_color__hover_enabled=\u00bboff\u00bb button_one_bg_color__hover_enabled=\u00bboff\u00bb button_two_bg_color__hover_enabled=\u00bboff\u00bb][\/et_pb_contact_field][et_pb_contact_field field_id=\u00bbEmail\u00bb field_title=\u00bbEmail\u00bb field_type=\u00bbemail\u00bb _builder_version=\u00bb4.27.4&#8243; global_colors_info=\u00bb{}\u00bb button_text_size__hover_enabled=\u00bboff\u00bb button_one_text_size__hover_enabled=\u00bboff\u00bb button_two_text_size__hover_enabled=\u00bboff\u00bb button_text_color__hover_enabled=\u00bboff\u00bb button_one_text_color__hover_enabled=\u00bboff\u00bb button_two_text_color__hover_enabled=\u00bboff\u00bb button_border_width__hover_enabled=\u00bboff\u00bb button_one_border_width__hover_enabled=\u00bboff\u00bb button_two_border_width__hover_enabled=\u00bboff\u00bb button_border_color__hover_enabled=\u00bboff\u00bb button_one_border_color__hover_enabled=\u00bboff\u00bb button_two_border_color__hover_enabled=\u00bboff\u00bb button_border_radius__hover_enabled=\u00bboff\u00bb button_one_border_radius__hover_enabled=\u00bboff\u00bb button_two_border_radius__hover_enabled=\u00bboff\u00bb button_letter_spacing__hover_enabled=\u00bboff\u00bb button_one_letter_spacing__hover_enabled=\u00bboff\u00bb button_two_letter_spacing__hover_enabled=\u00bboff\u00bb button_bg_color__hover_enabled=\u00bboff\u00bb button_one_bg_color__hover_enabled=\u00bboff\u00bb button_two_bg_color__hover_enabled=\u00bboff\u00bb][\/et_pb_contact_field][et_pb_contact_field field_id=\u00bbMessage\u00bb field_title=\u00bbMensaje\u00bb field_type=\u00bbtext\u00bb fullwidth_field=\u00bbon\u00bb _builder_version=\u00bb4.27.4&#8243; global_colors_info=\u00bb{}\u00bb button_text_size__hover_enabled=\u00bboff\u00bb button_one_text_size__hover_enabled=\u00bboff\u00bb button_two_text_size__hover_enabled=\u00bboff\u00bb button_text_color__hover_enabled=\u00bboff\u00bb button_one_text_color__hover_enabled=\u00bboff\u00bb button_two_text_color__hover_enabled=\u00bboff\u00bb button_border_width__hover_enabled=\u00bboff\u00bb button_one_border_width__hover_enabled=\u00bboff\u00bb button_two_border_width__hover_enabled=\u00bboff\u00bb button_border_color__hover_enabled=\u00bboff\u00bb button_one_border_color__hover_enabled=\u00bboff\u00bb button_two_border_color__hover_enabled=\u00bboff\u00bb button_border_radius__hover_enabled=\u00bboff\u00bb button_one_border_radius__hover_enabled=\u00bboff\u00bb button_two_border_radius__hover_enabled=\u00bboff\u00bb button_letter_spacing__hover_enabled=\u00bboff\u00bb button_one_letter_spacing__hover_enabled=\u00bboff\u00bb button_two_letter_spacing__hover_enabled=\u00bboff\u00bb button_bg_color__hover_enabled=\u00bboff\u00bb button_one_bg_color__hover_enabled=\u00bboff\u00bb button_two_bg_color__hover_enabled=\u00bboff\u00bb][\/et_pb_contact_field][\/et_pb_contact_form][\/et_pb_column][\/et_pb_row][\/et_pb_section][et_pb_section fb_built=\u00bb1&#8243; _builder_version=\u00bb4.27.4&#8243; _module_preset=\u00bbdefault\u00bb custom_padding=\u00bb21px|||||\u00bb global_colors_info=\u00bb{}\u00bb][et_pb_row _builder_version=\u00bb4.27.4&#8243; _module_preset=\u00bbdefault\u00bb global_colors_info=\u00bb{}\u00bb][et_pb_column type=\u00bb4_4&#8243; _builder_version=\u00bb4.27.4&#8243; _module_preset=\u00bbdefault\u00bb global_colors_info=\u00bb{}\u00bb][et_pb_text _builder_version=\u00bb4.27.4&#8243; _module_preset=\u00bbdefault\u00bb text_font_size=\u00bb40px\u00bb text_line_height=\u00bb1.8em\u00bb text_orientation=\u00bbcenter\u00bb custom_margin=\u00bb||51px|||\u00bb global_colors_info=\u00bb{}\u00bb]algunos de nuestros <strong><span style=\"color: #22479A\n;\">clientes<\/span><\/strong>[\/et_pb_text][dsm_image_carousel gallery_ids=\u00bb22,23,24,25,26,27,28&#8243; dots=\u00bboff\u00bb _builder_version=\u00bb4.27.4&#8243; _module_preset=\u00bbdefault\u00bb global_colors_info=\u00bb{}\u00bb][\/dsm_image_carousel][\/et_pb_column][\/et_pb_row][\/et_pb_section]<\/p>\n","protected":false},"excerpt":{"rendered":"<p>M\u00e1s de 10 a\u00f1os aportando soluciones pr\u00e1cticas para un desarrollo sostenibleSomos una consultora especializada en ordenamiento territorial, geom\u00e1tica, gesti\u00f3n ambiental, servicios ecosist\u00e9micos y recursos h\u00eddricos. Nos enfocamos en brindar soluciones pr\u00e1cticas basadas en metodolog\u00edas participativas, herramientas geoespaciales y un s\u00f3lido enfoque territorial.<div class=\"et_pb_module dsm_button dsm_button_0 et_pb_bg_layout_light\">\n\t\t\t\t\n\t\t\t\t\n\t\t\t\t\n\t\t\t\t\n\t\t\t\t\n\t\t\t\t\n\t\t\t\t<div class=\"et_pb_module_inner\">\n\t\t\t\t\t<div class=\"et_pb_button_module_wrappers dsm_button_0_wrapper et_pb_button_alignment_left et_pb_button_alignment_tablet_left et_pb_button_alignment_phone_right et_pb_module\">\n\t\t\t\t<a class=\"et_pb_button et_pb_button_one et_pb_bg_layout_light dsm-pulse \"  href=https:\/\/geoandes.com.pe\/descargas\/brochure.pdf target=\"_blank\" data-dsm-lightbox-id=\"dsm_button_one_lightbox dsm_button_0\"><span>Presentaci\u00f3n<\/span><\/a><a class=\"et_pb_button et_pb_button_two et_pb_bg_layout_light dsm-pulse \"  href=https:\/\/geoandes.com.pe\/descargas\/CV.pdf target=\"_blank\" data-dsm-lightbox-id=\"dsm_button_two_lightbox dsm_button_0\"><span>Nuestro CV<\/span><\/a>\n\t\t\t<\/div>\n\t\t\t\t<\/div>\n\t\t\t<\/div>CONTACTOCelular: +51 942 198 795Correo: info@geoandes.com.peLinkedIn: GeoAndes Servicios Integralesalgunos de nuestros clientes<div class=\"et_pb_module dsm_image_carousel dsm_image_carousel_0 dsm_image_carousel_arrow_outside dsm_image_carousel_arrow_mobile_inside \">\n\t\t\t\t\n\t\t\t\t\n\t\t\t\t\n\t\t\t\t\n\t\t\t\t\n\t\t\t\t\n\t\t\t\t<div class=\"et_pb_module_inner\">\n\t\t\t\t\t<div class=\"swiper-container dsm_image_carousel_container  dsm_image_carousel_carousel\" dir=\"ltr\"data-effect=\"default\"\n\t\t\tdata-slider-effect-shadows=\"false\"\n\t\t\tdata-slider-effect-coverflow-rotate=\"30\"\n\t\t\tdata-slider-effect-coverflow-depth=\"0\"\n\t\t\tdata-loop=\"true\"\n\t\t\tdata-slide-to-show=\"4\"\n\t\t\tdata-slide-to-show-tablet=\"1\"\n\t\t\tdata-slide-to-show-phone=\"1\"\n\t\t\tdata-slide-to-scroll=\"1\"\n\t\t\tdata-slide-to-scroll-tablet=\"1\"\n\t\t\tdata-slide-to-scroll-phone=\"1\"\n\t\t\tdata-space-between=\"15\"\n\t\t\tdata-space-between-tablet=\"15\"\n\t\t\tdata-space-between-phone=\"15\"\n\t\t\tdata-slide-row=\"1\"\n\t\t\tdata-centered-slides=\"false\"\n\t\t\tdata-speed=\"300\"\n\t\t\tdata-autoplay=\"true\"\n\t\t\tdata-autoplay-speed=\"3000\"\n\t\t\tdata-touch-move=\"true\"\n\t\t\tdata-grab=\"true\"\n\t\t\tdata-pause-on-hover=\"false\"\n\t\t\tdata-show-lightbox=\"false\"\n\t\t\tdata-lightbox-gallery=\"false\"\n\t\t\tdata-lightbox-caption=\"false\"\n\t\t\tdata-infinite-scrolling=\"false\"\n\t\t\tdata-slide-row-tablet=\"1\"\n\t\t\tdata-slide-row-phone=\"1\"\n\t\t\tdata-autoplay-viewport=80%\n\t\t\tdata-mousewheel=\"false\"\n\t\t\tdata-lazyload=\"false\"\n\t\t\tdata-type=\"carousel\"\n\t\t\tdata-slideshow-effect=\"default\"\n\t\t\tdata-slideshow-to-show=\"4\"\n\t\t\tdata-slideshow-to-show-tablet=\"4\"\n\t\t\tdata-slideshow-to-show-phone=\"\"\n\t\t\tdata-slider-orientation=\"horizontal\"\n\t\t\t\t\t\tdata-lightbox-title=\"false\"\n\n\t\t\t><div class=\"swiper-wrapper\"><div class=\"swiper-slide dsm_image_carousel_item\"><img loading=\"lazy\" decoding=\"async\" src=\"https:\/\/geoandes.com.pe\/web\/wp-content\/uploads\/2025\/04\/WWF.png\" alt=\"\" title=\"WWF\" width=\"76\" height=\"98\" data-dsm-image-description=\"\" class=\" skip-lazy\" \/><\/div><div class=\"swiper-slide dsm_image_carousel_item\"><img loading=\"lazy\" decoding=\"async\" src=\"https:\/\/geoandes.com.pe\/web\/wp-content\/uploads\/2025\/04\/RIOTINTO.png\" alt=\"\" title=\"RIOTINTO\" width=\"103\" height=\"103\" data-dsm-image-description=\"\" class=\" skip-lazy\" \/><\/div><div class=\"swiper-slide dsm_image_carousel_item\"><img loading=\"lazy\" decoding=\"async\" src=\"https:\/\/geoandes.com.pe\/web\/wp-content\/uploads\/2025\/04\/SERFOR.png\" alt=\"\" title=\"SERFOR\" width=\"167\" height=\"105\" data-dsm-image-description=\"\" class=\" skip-lazy\" \/><\/div><div class=\"swiper-slide dsm_image_carousel_item\"><img loading=\"lazy\" decoding=\"async\" src=\"https:\/\/geoandes.com.pe\/web\/wp-content\/uploads\/2025\/04\/EMUSAP.png\" alt=\"\" title=\"EMUSAP\" width=\"199\" height=\"45\" data-dsm-image-description=\"\" class=\" skip-lazy\" \/><\/div><div class=\"swiper-slide dsm_image_carousel_item\"><img loading=\"lazy\" decoding=\"async\" src=\"https:\/\/geoandes.com.pe\/web\/wp-content\/uploads\/2025\/04\/MARCOBRE.png\" alt=\"\" title=\"MARCOBRE\" width=\"206\" height=\"56\" data-dsm-image-description=\"\" class=\" skip-lazy\" \/><\/div><div class=\"swiper-slide dsm_image_carousel_item\"><img loading=\"lazy\" decoding=\"async\" src=\"https:\/\/geoandes.com.pe\/web\/wp-content\/uploads\/2025\/04\/MINEM.png\" alt=\"\" title=\"MINEM\" width=\"322\" height=\"68\" data-dsm-image-description=\"\" srcset=\"https:\/\/geoandes.com.pe\/web\/wp-content\/uploads\/2025\/04\/MINEM.png 322w, https:\/\/geoandes.com.pe\/web\/wp-content\/uploads\/2025\/04\/MINEM-300x63.png 300w\" sizes=\"(max-width: 322px) 100vw, 322px\" class=\" skip-lazy\" \/><\/div><div class=\"swiper-slide dsm_image_carousel_item\"><img loading=\"lazy\" decoding=\"async\" src=\"https:\/\/geoandes.com.pe\/web\/wp-content\/uploads\/2025\/04\/PNUD.png\" alt=\"\" title=\"PNUD\" width=\"48\" height=\"98\" data-dsm-image-description=\"\" class=\" skip-lazy\" \/><\/div><\/div><\/div><div class=\"swiper-button-prev swiper-arrow-button\" data-icon=\"4\"><\/div><div class=\"swiper-button-next swiper-arrow-button\" data-icon=\"5\"><\/div>\n\t\t\t\t<\/div>\n\t\t\t<\/div><\/p>\n","protected":false},"author":1,"featured_media":0,"parent":0,"menu_order":0,"comment_status":"closed","ping_status":"closed","template":"page-template-blank.php","meta":{"_et_pb_use_builder":"on","_et_pb_old_content":"","_et_gb_content_width":"","footnotes":""},"class_list":["post-8","page","type-page","status-publish","hentry"],"_links":{"self":[{"href":"https:\/\/geoandes.com.pe\/web\/wp-json\/wp\/v2\/pages\/8","targetHints":{"allow":["GET"]}}],"collection":[{"href":"https:\/\/geoandes.com.pe\/web\/wp-json\/wp\/v2\/pages"}],"about":[{"href":"https:\/\/geoandes.com.pe\/web\/wp-json\/wp\/v2\/types\/page"}],"author":[{"embeddable":true,"href":"https:\/\/geoandes.com.pe\/web\/wp-json\/wp\/v2\/users\/1"}],"replies":[{"embeddable":true,"href":"https:\/\/geoandes.com.pe\/web\/wp-json\/wp\/v2\/comments?post=8"}],"version-history":[{"count":21,"href":"https:\/\/geoandes.com.pe\/web\/wp-json\/wp\/v2\/pages\/8\/revisions"}],"predecessor-version":[{"id":55,"href":"https:\/\/geoandes.com.pe\/web\/wp-json\/wp\/v2\/pages\/8\/revisions\/55"}],"wp:attachment":[{"href":"https:\/\/geoandes.com.pe\/web\/wp-json\/wp\/v2\/media?parent=8"}],"curies":[{"name":"wp","href":"https:\/\/api.w.org\/{rel}","templated":true}]}}